{"id":1621,"date":"2020-04-02T05:22:08","date_gmt":"2020-04-02T03:22:08","guid":{"rendered":"http:\/\/pluginspoint.com\/geoport\/?page_id=1621"},"modified":"2023-06-15T19:29:27","modified_gmt":"2023-06-15T17:29:27","slug":"notremethode","status":"publish","type":"page","link":"https:\/\/penndeliveryexpress.fr\/index.php\/notremethode\/","title":{"rendered":"Notre m\u00e9thode"},"content":{"rendered":"\t\t<div data-elementor-type=\"wp-page\" data-elementor-id=\"1621\" class=\"elementor elementor-1621\">\n\t\t\t\t\t\t\t\t\t<section class=\"elementor-section elementor-top-section elementor-element elementor-element-82d5a64 our-history-page elementor-section-boxed elementor-section-height-default elementor-section-height-default\" data-id=\"82d5a64\" data-element_type=\"section\">\n\t\t\t\t\t\t<div class=\"elementor-container elementor-column-gap-default\">\n\t\t\t\t\t<div class=\"elementor-column elementor-col-50 elementor-top-column elementor-element elementor-element-31b429a\" data-id=\"31b429a\" data-element_type=\"column\">\n\t\t\t<div class=\"elementor-widget-wrap elementor-element-populated\">\n\t\t\t\t\t\t\t\t<div class=\"elementor-element elementor-element-af7e463 elementor-widget elementor-widget-section-head\" data-id=\"af7e463\" data-element_type=\"widget\" data-widget_type=\"section-head.default\">\n\t\t\t\t<div class=\"elementor-widget-container\">\n\t\t\t\t\t<div class=\"section-title \">\r\n\t\t\t            <span class=\"line wow \">Notre m\u00e9thode<\/span>\r\n                        <h2>\r\n            \t            \t<span class=\"tl1\" >UNE M\u00c9THODE PROUV\u00c9E<\/span>\r\n            \t            <\/h2>\r\n                  <\/div>\r\n\t\t\t<\/div>\n\t\t\t\t<\/div>\n\t\t\t\t<div class=\"elementor-element elementor-element-3f1d2d4 elementor-widget elementor-widget-heading\" data-id=\"3f1d2d4\" data-element_type=\"widget\" data-widget_type=\"heading.default\">\n\t\t\t\t<div class=\"elementor-widget-container\">\n\t\t\t<style>\/*! elementor - v3.13.3 - 28-05-2023 *\/\n.elementor-heading-title{padding:0;margin:0;line-height:1}.elementor-widget-heading .elementor-heading-title[class*=elementor-size-]>a{color:inherit;font-size:inherit;line-height:inherit}.elementor-widget-heading .elementor-heading-title.elementor-size-small{font-size:15px}.elementor-widget-heading .elementor-heading-title.elementor-size-medium{font-size:19px}.elementor-widget-heading .elementor-heading-title.elementor-size-large{font-size:29px}.elementor-widget-heading .elementor-heading-title.elementor-size-xl{font-size:39px}.elementor-widget-heading .elementor-heading-title.elementor-size-xxl{font-size:59px}<\/style><p class=\"elementor-heading-title elementor-size-default\">Le monde du transport et de la logistique n\u00e9cessite une constante adaptation aux hommes et aux nouvelles technologies.<\/p>\t\t<\/div>\n\t\t\t\t<\/div>\n\t\t\t\t<div class=\"elementor-element elementor-element-31a2b54 elementor-widget elementor-widget-heading\" data-id=\"31a2b54\" data-element_type=\"widget\" data-widget_type=\"heading.default\">\n\t\t\t\t<div class=\"elementor-widget-container\">\n\t\t\t<p class=\"elementor-heading-title elementor-size-default\">Penn Delivery Express s'efforce d'offrir des solutions innovantes \u00e0 ses partenaires ainsi qu'\u00e0 ses clients. <\/p>\t\t<\/div>\n\t\t\t\t<\/div>\n\t\t\t\t<section class=\"elementor-section elementor-inner-section elementor-element elementor-element-2218b81 elementor-section-boxed elementor-section-height-default elementor-section-height-default\" data-id=\"2218b81\" data-element_type=\"section\">\n\t\t\t\t\t\t<div class=\"elementor-container elementor-column-gap-default\">\n\t\t\t\t\t<div class=\"elementor-column elementor-col-33 elementor-inner-column elementor-element elementor-element-9e743b8\" data-id=\"9e743b8\" data-element_type=\"column\" data-settings=\"{&quot;background_background&quot;:&quot;classic&quot;}\">\n\t\t\t<div class=\"elementor-widget-wrap elementor-element-populated\">\n\t\t\t\t\t\t\t\t<div class=\"elementor-element elementor-element-9019392 elementor-widget elementor-widget-image\" data-id=\"9019392\" data-element_type=\"widget\" data-widget_type=\"image.default\">\n\t\t\t\t<div class=\"elementor-widget-container\">\n\t\t\t<style>\/*! elementor - v3.13.3 - 28-05-2023 *\/\n.elementor-widget-image{text-align:center}.elementor-widget-image a{display:inline-block}.elementor-widget-image a img[src$=\".svg\"]{width:48px}.elementor-widget-image img{vertical-align:middle;display:inline-block}<\/style>\t\t\t\t\t\t\t\t\t\t\t\t<img decoding=\"async\" width=\"70\" height=\"70\" src=\"https:\/\/penndeliveryexpress.fr\/wp-content\/uploads\/2020\/03\/about_avatar_img.png\" class=\"attachment-large size-large wp-image-1191\" alt=\"\" loading=\"lazy\" \/>\t\t\t\t\t\t\t\t\t\t\t\t\t\t\t<\/div>\n\t\t\t\t<\/div>\n\t\t\t\t\t<\/div>\n\t\t<\/div>\n\t\t\t\t<div class=\"elementor-column elementor-col-33 elementor-inner-column elementor-element elementor-element-a855b56\" data-id=\"a855b56\" data-element_type=\"column\" data-settings=\"{&quot;background_background&quot;:&quot;classic&quot;}\">\n\t\t\t<div class=\"elementor-widget-wrap elementor-element-populated\">\n\t\t\t\t\t\t\t\t<div class=\"elementor-element elementor-element-21171d0 elementor-widget elementor-widget-heading\" data-id=\"21171d0\" data-element_type=\"widget\" data-widget_type=\"heading.default\">\n\t\t\t\t<div class=\"elementor-widget-container\">\n\t\t\t<h4 class=\"elementor-heading-title elementor-size-default\">Pascal Noubeunde<\/h4>\t\t<\/div>\n\t\t\t\t<\/div>\n\t\t\t\t<div class=\"elementor-element elementor-element-24cf1e8 elementor-widget elementor-widget-heading\" data-id=\"24cf1e8\" data-element_type=\"widget\" data-widget_type=\"heading.default\">\n\t\t\t\t<div class=\"elementor-widget-container\">\n\t\t\t<span class=\"elementor-heading-title elementor-size-default\">Fondateur<\/span>\t\t<\/div>\n\t\t\t\t<\/div>\n\t\t\t\t\t<\/div>\n\t\t<\/div>\n\t\t\t\t<div class=\"elementor-column elementor-col-33 elementor-inner-column elementor-element elementor-element-b19d001\" data-id=\"b19d001\" data-element_type=\"column\">\n\t\t\t<div class=\"elementor-widget-wrap\">\n\t\t\t\t\t\t\t\t\t<\/div>\n\t\t<\/div>\n\t\t\t\t\t\t\t<\/div>\n\t\t<\/section>\n\t\t\t\t\t<\/div>\n\t\t<\/div>\n\t\t\t\t<div class=\"elementor-column elementor-col-50 elementor-top-column elementor-element elementor-element-ab44466\" data-id=\"ab44466\" data-element_type=\"column\">\n\t\t\t<div class=\"elementor-widget-wrap elementor-element-populated\">\n\t\t\t\t\t\t\t\t<div class=\"elementor-element elementor-element-ae741ce elementor-widget elementor-widget-animated_image\" data-id=\"ae741ce\" data-element_type=\"widget\" data-settings=\"{&quot;_animation&quot;:&quot;none&quot;}\" data-widget_type=\"animated_image.default\">\n\t\t\t\t<div class=\"elementor-widget-container\">\n\t\t\t   \t<div class=\"anim-image wow none anim-image\" data-wow-delay=\"0.2s\">\n   \t\t        \t<img width=\"551\" height=\"738\" src=\"https:\/\/penndeliveryexpress.fr\/wp-content\/uploads\/2020\/04\/history_img01.jpg\" class=\"attachment-large size-large wp-image-1623\" alt=\"\" decoding=\"async\" loading=\"lazy\" srcset=\"https:\/\/penndeliveryexpress.fr\/wp-content\/uploads\/2020\/04\/history_img01.jpg 551w, https:\/\/penndeliveryexpress.fr\/wp-content\/uploads\/2020\/04\/history_img01-224x300.jpg 224w\" sizes=\"(max-width: 551px) 100vw, 551px\" \/>      \t     <\/div>\n\t\t\t<\/div>\n\t\t\t\t<\/div>\n\t\t\t\t<div class=\"elementor-element elementor-element-e296092 elementor-absolute history-page-video-btn elementor-invisible elementor-widget elementor-widget-video-button\" data-id=\"e296092\" data-element_type=\"widget\" data-settings=\"{&quot;_animation&quot;:&quot;zoomIn&quot;,&quot;_animation_delay&quot;:500,&quot;_position&quot;:&quot;absolute&quot;}\" data-widget_type=\"video-button.default\">\n\t\t\t\t<div class=\"elementor-widget-container\">\n\t\t\t\t   <div class=\"cta-video text-center\">\r\n\t      <a href=\"https:\/\/youtube.com\/shorts\/4RfyNA-9j30?feature=share\" class=\"popup-video\"><i class=\"fas fa-play\"><\/i><\/a>\r\n\t   <\/div>\r\n\t\t\t<\/div>\n\t\t\t\t<\/div>\n\t\t\t\t<div class=\"elementor-element elementor-element-67b9b70 elementor-absolute elementor-widget elementor-widget-animated_image\" data-id=\"67b9b70\" data-element_type=\"widget\" data-settings=\"{&quot;_position&quot;:&quot;absolute&quot;}\" data-widget_type=\"animated_image.default\">\n\t\t\t\t<div class=\"elementor-widget-container\">\n\t\t\t   \t<div class=\"anim-image wow none anim-image\" data-wow-delay=\"0.2s\">\n   \t\t        \t<img width=\"253\" height=\"270\" src=\"https:\/\/penndeliveryexpress.fr\/wp-content\/uploads\/2020\/04\/history_img02.jpg\" class=\"attachment-full size-full wp-image-1625\" alt=\"\" decoding=\"async\" loading=\"lazy\" \/>      \t     <\/div>\n\t\t\t<\/div>\n\t\t\t\t<\/div>\n\t\t\t\t\t<\/div>\n\t\t<\/div>\n\t\t\t\t\t\t\t<\/div>\n\t\t<\/section>\n\t\t\t\t<section class=\"elementor-section elementor-top-section elementor-element elementor-element-f4dd8d2 our-history-page elementor-section-boxed elementor-section-height-default elementor-section-height-default\" data-id=\"f4dd8d2\" data-element_type=\"section\" data-settings=\"{&quot;background_background&quot;:&quot;classic&quot;}\">\n\t\t\t\t\t\t<div class=\"elementor-container elementor-column-gap-default\">\n\t\t\t\t\t<div class=\"elementor-column elementor-col-100 elementor-top-column elementor-element elementor-element-8d2b1db\" data-id=\"8d2b1db\" data-element_type=\"column\">\n\t\t\t<div class=\"elementor-widget-wrap elementor-element-populated\">\n\t\t\t\t\t\t\t\t<div class=\"elementor-element elementor-element-0fc110e elementor-widget elementor-widget-section-head\" data-id=\"0fc110e\" data-element_type=\"widget\" data-widget_type=\"section-head.default\">\n\t\t\t\t<div class=\"elementor-widget-container\">\n\t\t\t\t\t<div class=\"section-title s-section-title\">\r\n\t\t\t            <span class=\"wow \">D\u00c9COUVREZ<\/span>\r\n                        <h2>\r\n            \t            \t<span class=\"tl1\" >NOTRE M\u00c9THODE<\/span>\r\n            \t            <\/h2>\r\n                        <h2 class=\"bg-title\">D\u00c9COUVREZ<\/h2>\r\n        \t      <\/div>\r\n\t\t\t<\/div>\n\t\t\t\t<\/div>\n\t\t\t\t<div class=\"elementor-element elementor-element-7805d9b elementor-widget elementor-widget-section-history\" data-id=\"7805d9b\" data-element_type=\"widget\" data-widget_type=\"section-history.default\">\n\t\t\t\t<div class=\"elementor-widget-container\">\n\t\t\t\n<div class=\"history-list-wrap\">\n   <div class=\"history-list-bar\"><\/div>\n\t\t\t   <div class=\"single-history-wrap\">\n          <div class=\"row align-items-center justify-content-center\">\n              <div class=\"col-md-6 order-0 order-md-2\">\n                  <div class=\"history-list-img wow fadeInRight\" data-wow-delay=\"0.2s\">\n                     <img width=\"450\" height=\"300\" src=\"https:\/\/penndeliveryexpress.fr\/wp-content\/uploads\/2020\/04\/history_list_img01.jpg\" class=\"attachment-post-thumbnail size-post-thumbnail wp-post-image\" alt=\"\" decoding=\"async\" loading=\"lazy\" srcset=\"https:\/\/penndeliveryexpress.fr\/wp-content\/uploads\/2020\/04\/history_list_img01.jpg 450w, https:\/\/penndeliveryexpress.fr\/wp-content\/uploads\/2020\/04\/history_list_img01-300x200.jpg 300w\" sizes=\"(max-width: 450px) 100vw, 450px\" \/>                  <\/div>\n              <\/div>\n              <div class=\"col-md-6\">\n                  <div class=\"history-list-content wow fadeInLeft\" data-wow-delay=\"0.2s\">\n                     <span>Begin From 1990<\/span>\n                     <h2>Connection Air, Roads and Seas transport<\/h2>\n                     <p>Logistics is generally the detailed organization and implem entation of a complex operation. In a general business sense, logistics is the management of the flow of things between the point of origin and the point of consumption<\/p>\n                  <\/div>\n              <\/div>\n          <\/div>\n      <\/div>\n\t   \t   <div class=\"single-history-wrap\">\n          <div class=\"row align-items-center justify-content-center\">\n              <div class=\"col-md-6 \">\n                  <div class=\"history-list-img wow fadeInLeft\" data-wow-delay=\"0.2s\">\n                     <img width=\"450\" height=\"300\" src=\"https:\/\/penndeliveryexpress.fr\/wp-content\/uploads\/2020\/04\/history_list_img02.jpg\" class=\"attachment-post-thumbnail size-post-thumbnail wp-post-image\" alt=\"\" decoding=\"async\" loading=\"lazy\" srcset=\"https:\/\/penndeliveryexpress.fr\/wp-content\/uploads\/2020\/04\/history_list_img02.jpg 450w, https:\/\/penndeliveryexpress.fr\/wp-content\/uploads\/2020\/04\/history_list_img02-300x200.jpg 300w\" sizes=\"(max-width: 450px) 100vw, 450px\" \/>                  <\/div>\n              <\/div>\n              <div class=\"col-md-6\">\n                  <div class=\"history-list-content wow fadeInRight\" data-wow-delay=\"0.2s\">\n                     <span>1st Order 2000<\/span>\n                     <h2>Connection Ship, and Roads transport<\/h2>\n                     <p>Logistics is generally the detailed organization and implem entation of a complex operation. In a general business sense, logistics is the management of the flow of things between the point of origin and the point of consumption<\/p>\n                  <\/div>\n              <\/div>\n          <\/div>\n      <\/div>\n\t   \t   <div class=\"single-history-wrap\">\n          <div class=\"row align-items-center justify-content-center\">\n              <div class=\"col-md-6 order-0 order-md-2\">\n                  <div class=\"history-list-img wow fadeInRight\" data-wow-delay=\"0.2s\">\n                     <img width=\"450\" height=\"300\" src=\"https:\/\/penndeliveryexpress.fr\/wp-content\/uploads\/2020\/04\/history_list_img03.jpg\" class=\"attachment-post-thumbnail size-post-thumbnail wp-post-image\" alt=\"\" decoding=\"async\" loading=\"lazy\" srcset=\"https:\/\/penndeliveryexpress.fr\/wp-content\/uploads\/2020\/04\/history_list_img03.jpg 450w, https:\/\/penndeliveryexpress.fr\/wp-content\/uploads\/2020\/04\/history_list_img03-300x200.jpg 300w\" sizes=\"(max-width: 450px) 100vw, 450px\" \/>                  <\/div>\n              <\/div>\n              <div class=\"col-md-6\">\n                  <div class=\"history-list-content wow fadeInLeft\" data-wow-delay=\"0.2s\">\n                     <span>Begin From 2005<\/span>\n                     <h2>Transport Construction material<\/h2>\n                     <p>Logistics is generally the detailed organization and implem entation of a complex operation. In a general business sense, logistics is the management of the flow of things between the point of origin and the point of consumption<\/p>\n                  <\/div>\n              <\/div>\n          <\/div>\n      <\/div>\n\t   \t   <div class=\"single-history-wrap\">\n          <div class=\"row align-items-center justify-content-center\">\n              <div class=\"col-md-6 \">\n                  <div class=\"history-list-img wow fadeInLeft\" data-wow-delay=\"0.2s\">\n                     <img width=\"450\" height=\"300\" src=\"https:\/\/penndeliveryexpress.fr\/wp-content\/uploads\/2020\/04\/history_list_img04.jpg\" class=\"attachment-post-thumbnail size-post-thumbnail wp-post-image\" alt=\"\" decoding=\"async\" loading=\"lazy\" srcset=\"https:\/\/penndeliveryexpress.fr\/wp-content\/uploads\/2020\/04\/history_list_img04.jpg 450w, https:\/\/penndeliveryexpress.fr\/wp-content\/uploads\/2020\/04\/history_list_img04-300x200.jpg 300w\" sizes=\"(max-width: 450px) 100vw, 450px\" \/>                  <\/div>\n              <\/div>\n              <div class=\"col-md-6\">\n                  <div class=\"history-list-content wow fadeInRight\" data-wow-delay=\"0.2s\">\n                     <span>Begin From 2010<\/span>\n                     <h2>Connection Air, Roads And Seas<\/h2>\n                     <p>Logistics is generally the detailed organization and implem entation of a complex operation. In a general business sense, logistics is the management of the flow of things between the point of origin and the point of consumption<\/p>\n                  <\/div>\n              <\/div>\n          <\/div>\n      <\/div>\n\t   \t   <div class=\"single-history-wrap\">\n          <div class=\"row align-items-center justify-content-center\">\n              <div class=\"col-md-6 order-0 order-md-2\">\n                  <div class=\"history-list-img wow fadeInRight\" data-wow-delay=\"0.2s\">\n                     <img width=\"450\" height=\"300\" src=\"https:\/\/penndeliveryexpress.fr\/wp-content\/uploads\/2020\/04\/history_list_img05.jpg\" class=\"attachment-post-thumbnail size-post-thumbnail wp-post-image\" alt=\"\" decoding=\"async\" loading=\"lazy\" srcset=\"https:\/\/penndeliveryexpress.fr\/wp-content\/uploads\/2020\/04\/history_list_img05.jpg 450w, https:\/\/penndeliveryexpress.fr\/wp-content\/uploads\/2020\/04\/history_list_img05-300x200.jpg 300w\" sizes=\"(max-width: 450px) 100vw, 450px\" \/>                  <\/div>\n              <\/div>\n              <div class=\"col-md-6\">\n                  <div class=\"history-list-content wow fadeInLeft\" data-wow-delay=\"0.2s\">\n                     <span>Begin From 2015<\/span>\n                     <h2>Transport car by ship sevices<\/h2>\n                     <p>Logistics is generally the detailed organization and implem entation of a complex operation. In a general business sense, logistics is the management of the flow of things between the point of origin and the point of consumption<\/p>\n                  <\/div>\n              <\/div>\n          <\/div>\n      <\/div>\n\t   \t   <div class=\"single-history-wrap\">\n          <div class=\"row align-items-center justify-content-center\">\n              <div class=\"col-md-6 \">\n                  <div class=\"history-list-img wow fadeInLeft\" data-wow-delay=\"0.2s\">\n                     <img width=\"450\" height=\"300\" src=\"https:\/\/penndeliveryexpress.fr\/wp-content\/uploads\/2020\/04\/history_list_img06.jpg\" class=\"attachment-post-thumbnail size-post-thumbnail wp-post-image\" alt=\"\" decoding=\"async\" loading=\"lazy\" srcset=\"https:\/\/penndeliveryexpress.fr\/wp-content\/uploads\/2020\/04\/history_list_img06.jpg 450w, https:\/\/penndeliveryexpress.fr\/wp-content\/uploads\/2020\/04\/history_list_img06-300x200.jpg 300w\" sizes=\"(max-width: 450px) 100vw, 450px\" \/>                  <\/div>\n              <\/div>\n              <div class=\"col-md-6\">\n                  <div class=\"history-list-content wow fadeInRight\" data-wow-delay=\"0.2s\">\n                     <span>Begin From 2020<\/span>\n                     <h2>Delivered Car Materials<\/h2>\n                     <p>Logistics is generally the detailed organization and implem entation of a complex operation. In a general business sense, logistics is the management of the flow of things between the point of origin and the point of consumption<\/p>\n                  <\/div>\n              <\/div>\n          <\/div>\n      <\/div>\n\t   <\/div>\n\n\t\t<\/div>\n\t\t\t\t<\/div>\n\t\t\t\t\t<\/div>\n\t\t<\/div>\n\t\t\t\t\t\t\t<\/div>\n\t\t<\/section>\n\t\t\t\t\t\t\t<\/div>\n\t\t","protected":false},"excerpt":{"rendered":"<p>Notre m\u00e9thode UNE M\u00c9THODE PROUV\u00c9E Le monde du transport et de la logistique n\u00e9cessite une constante adaptation aux hommes et aux nouvelles technologies. Penn Delivery Express s&rsquo;efforce d&rsquo;offrir des solutions innovantes \u00e0 ses partenaires ainsi qu&rsquo;\u00e0 ses clients. Pascal Noubeunde Fondateur D\u00c9COUVREZ NOTRE M\u00c9THODE D\u00c9COUVREZ Begin From 1990 Connection Air, Roads and Seas transport Logistics [&hellip;]<\/p>\n","protected":false},"author":1,"featured_media":0,"parent":0,"menu_order":0,"comment_status":"closed","ping_status":"closed","template":"page-template\/blank-page-sidebar.php","meta":[],"_links":{"self":[{"href":"https:\/\/penndeliveryexpress.fr\/index.php\/wp-json\/wp\/v2\/pages\/1621"}],"collection":[{"href":"https:\/\/penndeliveryexpress.fr\/index.php\/wp-json\/wp\/v2\/pages"}],"about":[{"href":"https:\/\/penndeliveryexpress.fr\/index.php\/wp-json\/wp\/v2\/types\/page"}],"author":[{"embeddable":true,"href":"https:\/\/penndeliveryexpress.fr\/index.php\/wp-json\/wp\/v2\/users\/1"}],"replies":[{"embeddable":true,"href":"https:\/\/penndeliveryexpress.fr\/index.php\/wp-json\/wp\/v2\/comments?post=1621"}],"version-history":[{"count":14,"href":"https:\/\/penndeliveryexpress.fr\/index.php\/wp-json\/wp\/v2\/pages\/1621\/revisions"}],"predecessor-version":[{"id":3437,"href":"https:\/\/penndeliveryexpress.fr\/index.php\/wp-json\/wp\/v2\/pages\/1621\/revisions\/3437"}],"wp:attachment":[{"href":"https:\/\/penndeliveryexpress.fr\/index.php\/wp-json\/wp\/v2\/media?parent=1621"}],"curies":[{"name":"wp","href":"https:\/\/api.w.org\/{rel}","templated":true}]}}