{"id":1814,"date":"2020-04-04T04:59:39","date_gmt":"2020-04-04T02:59:39","guid":{"rendered":"http:\/\/pluginspoint.com\/geoport\/?page_id=1814"},"modified":"2023-06-22T20:24:51","modified_gmt":"2023-06-22T18:24:51","slug":"notreequipe","status":"publish","type":"page","link":"https:\/\/penndeliveryexpress.fr\/index.php\/notreequipe\/","title":{"rendered":"Notre \u00e9quipe"},"content":{"rendered":"\t\t<div data-elementor-type=\"wp-page\" data-elementor-id=\"1814\" class=\"elementor elementor-1814\">\n\t\t\t\t\t\t\t\t\t<section class=\"elementor-section elementor-top-section elementor-element elementor-element-b971f65 elementor-section-boxed elementor-section-height-default elementor-section-height-default\" data-id=\"b971f65\" data-element_type=\"section\">\n\t\t\t\t\t\t<div class=\"elementor-container elementor-column-gap-default\">\n\t\t\t\t\t<div class=\"elementor-column elementor-col-100 elementor-top-column elementor-element elementor-element-2ae10fd\" data-id=\"2ae10fd\" data-element_type=\"column\">\n\t\t\t<div class=\"elementor-widget-wrap elementor-element-populated\">\n\t\t\t\t\t\t\t\t<div class=\"elementor-element elementor-element-4f683bb elementor-widget elementor-widget-section-team\" data-id=\"4f683bb\" data-element_type=\"widget\" data-widget_type=\"section-team.default\">\n\t\t\t\t<div class=\"elementor-widget-container\">\n\t\t\t\n<script type=\"text\/javascript\">\n   jQuery(document).ready(function(){\n\t\t\/\/ testimonial-active\n\t\tjQuery('.team-slider-69d521c3534ef').slick({\n\n\t\t\tinfinite: true,\n\t\t\tspeed: 1000,\n\t\t\tarrows: true,\n\t\t\tautoplay: true,\n\t\t\tprevArrow: '<button type=\"button\" class=\"slick-prev\"><i class=\"far fa-arrow-left\"><\/i><\/button>',\n\t\t\tnextArrow: '<button type=\"button\" class=\"slick-next\"><i class=\"far fa-arrow-right\"><\/i><\/button>',\n\t\t\tslidesToShow: 3,\n\t\t\tslidesToScroll: 2,\n\t\t\tresponsive: [\n\t\t\t\t{\n\t\t\t\t   breakpoint: 1200,\n\t\t\t\t   settings: {\n\t\t\t\t   \tslidesToShow: 3,\n\t\t\t\t\t\tslidesToScroll: 2,\n\t\t\t\t     \tinfinite: true,\n\t\t\t\t   }\n\t\t\t\t},\n\t\t\t\t{\n\t\t\t\t   breakpoint: 992,\n\t\t\t\t   settings: {\n\t\t\t\t\t   slidesToShow: 2,\n\t\t\t\t\t\tslidesToScroll: 2,\n\t\t\t\t\t\tarrows: false,\n\t\t\t\t   }\n\t\t\t\t},\n\t\t\t\t{\n\t\t\t\t   breakpoint: 767,\n\t\t\t\t   settings: {\n\t\t\t\t\t   slidesToShow: 1,\n\t\t\t\t\t\tslidesToScroll: 1,\n\t\t\t\t\t   arrows: false,\n\t\t\t\t   }\n\t\t\t\t},\n\t\t\t\t{\n\t\t\t\t   breakpoint: 575,\n\t\t\t\t   settings: {\n\t\t\t\t\t   slidesToShow: 1,\n\t\t\t\t\t\tslidesToScroll: 1,\n\t\t\t\t\t   arrows: false,\n\t\t\t\t   }\n\t\t\t\t},\n\t\t\t]\n\t\t});\n\n   });\n<\/script> \n\n\n<div class=\"team-area\">\n\t<div class=\"row team-active team-slider-69d521c3534ef\">\n\t\t\t   <div class=\"col-lg-4 col-md-6\">\n         <div class=\"single-team\">\n         \t           \t<div class=\"team-thumb\">\n               <a href=\"https:\/\/penndeliveryexpress.fr\/index.php\/team\/yankee-julies-d\/\"><img width=\"570\" height=\"663\" src=\"https:\/\/penndeliveryexpress.fr\/wp-content\/uploads\/2020\/04\/04.jpg\" class=\"attachment-post-thumbnail size-post-thumbnail wp-post-image\" alt=\"\" decoding=\"async\" loading=\"lazy\" srcset=\"https:\/\/penndeliveryexpress.fr\/wp-content\/uploads\/2020\/04\/04.jpg 570w, https:\/\/penndeliveryexpress.fr\/wp-content\/uploads\/2020\/04\/04-258x300.jpg 258w\" sizes=\"(max-width: 570px) 100vw, 570px\" \/><\/a>\n           \t<\/div>\n           \t           \t<div class=\"team-overlay-content\">\n               <span>Manager<\/span>\n               <h4><a href=\"https:\/\/penndeliveryexpress.fr\/index.php\/team\/yankee-julies-d\/\">Yankee Julies D.<\/a><\/h4>\n           \t<\/div>\n       \t<\/div>\n\t   <\/div>\n\t   \t   <div class=\"col-lg-4 col-md-6\">\n         <div class=\"single-team\">\n         \t           \t<div class=\"team-thumb\">\n               <a href=\"https:\/\/penndeliveryexpress.fr\/index.php\/team\/jamie-jackson\/\"><img width=\"570\" height=\"663\" src=\"https:\/\/penndeliveryexpress.fr\/wp-content\/uploads\/2020\/04\/t03.jpg\" class=\"attachment-post-thumbnail size-post-thumbnail wp-post-image\" alt=\"\" decoding=\"async\" loading=\"lazy\" srcset=\"https:\/\/penndeliveryexpress.fr\/wp-content\/uploads\/2020\/04\/t03.jpg 570w, https:\/\/penndeliveryexpress.fr\/wp-content\/uploads\/2020\/04\/t03-258x300.jpg 258w\" sizes=\"(max-width: 570px) 100vw, 570px\" \/><\/a>\n           \t<\/div>\n           \t           \t<div class=\"team-overlay-content\">\n               <span>Founder &amp; CEO<\/span>\n               <h4><a href=\"https:\/\/penndeliveryexpress.fr\/index.php\/team\/jamie-jackson\/\">Jamie Jackson<\/a><\/h4>\n           \t<\/div>\n       \t<\/div>\n\t   <\/div>\n\t   \t   <div class=\"col-lg-4 col-md-6\">\n         <div class=\"single-team\">\n         \t           \t<div class=\"team-thumb\">\n               <a href=\"https:\/\/penndeliveryexpress.fr\/index.php\/team\/pascalnoubeunde\/\"><img width=\"570\" height=\"663\" src=\"https:\/\/penndeliveryexpress.fr\/wp-content\/uploads\/2020\/04\/02.jpg\" class=\"attachment-post-thumbnail size-post-thumbnail wp-post-image\" alt=\"\" decoding=\"async\" loading=\"lazy\" srcset=\"https:\/\/penndeliveryexpress.fr\/wp-content\/uploads\/2020\/04\/02.jpg 570w, https:\/\/penndeliveryexpress.fr\/wp-content\/uploads\/2020\/04\/02-258x300.jpg 258w\" sizes=\"(max-width: 570px) 100vw, 570px\" \/><\/a>\n           \t<\/div>\n           \t           \t<div class=\"team-overlay-content\">\n               <span>Founder &amp; CEO<\/span>\n               <h4><a href=\"https:\/\/penndeliveryexpress.fr\/index.php\/team\/pascalnoubeunde\/\">Pascal Noubeunde<\/a><\/h4>\n           \t<\/div>\n       \t<\/div>\n\t   <\/div>\n\t   \t   <div class=\"col-lg-4 col-md-6\">\n         <div class=\"single-team\">\n         \t           \t<div class=\"team-thumb\">\n               <a href=\"https:\/\/penndeliveryexpress.fr\/index.php\/team\/kelian-bardom\/\"><img width=\"570\" height=\"663\" src=\"https:\/\/penndeliveryexpress.fr\/wp-content\/uploads\/2020\/03\/team_details_img.jpg\" class=\"attachment-post-thumbnail size-post-thumbnail wp-post-image\" alt=\"\" decoding=\"async\" loading=\"lazy\" srcset=\"https:\/\/penndeliveryexpress.fr\/wp-content\/uploads\/2020\/03\/team_details_img.jpg 570w, https:\/\/penndeliveryexpress.fr\/wp-content\/uploads\/2020\/03\/team_details_img-258x300.jpg 258w\" sizes=\"(max-width: 570px) 100vw, 570px\" \/><\/a>\n           \t<\/div>\n           \t           \t<div class=\"team-overlay-content\">\n               <span>Project Manager<\/span>\n               <h4><a href=\"https:\/\/penndeliveryexpress.fr\/index.php\/team\/kelian-bardom\/\">Kelian Bardom<\/a><\/h4>\n           \t<\/div>\n       \t<\/div>\n\t   <\/div>\n\t   \t<\/div>\n<\/div>\n\t\t<\/div>\n\t\t\t\t<\/div>\n\t\t\t\t\t<\/div>\n\t\t<\/div>\n\t\t\t\t\t\t\t<\/div>\n\t\t<\/section>\n\t\t\t\t<section class=\"elementor-section elementor-top-section elementor-element elementor-element-fae1124 elementor-section-boxed elementor-section-height-default elementor-section-height-default\" data-id=\"fae1124\" data-element_type=\"section\" data-settings=\"{&quot;background_background&quot;:&quot;classic&quot;}\">\n\t\t\t\t\t\t<div class=\"elementor-container elementor-column-gap-default\">\n\t\t\t\t\t<div class=\"elementor-column elementor-col-100 elementor-top-column elementor-element elementor-element-4fdfb41\" data-id=\"4fdfb41\" data-element_type=\"column\">\n\t\t\t<div class=\"elementor-widget-wrap elementor-element-populated\">\n\t\t\t\t\t\t\t\t<section class=\"elementor-section elementor-inner-section elementor-element elementor-element-a091a42 elementor-section-content-middle elementor-section-boxed elementor-section-height-default elementor-section-height-default\" data-id=\"a091a42\" data-element_type=\"section\">\n\t\t\t\t\t\t<div class=\"elementor-container elementor-column-gap-default\">\n\t\t\t\t\t<div class=\"elementor-column elementor-col-50 elementor-inner-column elementor-element elementor-element-d8909a6\" data-id=\"d8909a6\" data-element_type=\"column\">\n\t\t\t<div class=\"elementor-widget-wrap elementor-element-populated\">\n\t\t\t\t\t\t\t\t<div class=\"elementor-element elementor-element-3e82688 elementor-widget elementor-widget-image\" data-id=\"3e82688\" data-element_type=\"widget\" data-widget_type=\"image.default\">\n\t\t\t\t<div class=\"elementor-widget-container\">\n\t\t\t<style>\/*! elementor - v3.13.3 - 28-05-2023 *\/\n.elementor-widget-image{text-align:center}.elementor-widget-image a{display:inline-block}.elementor-widget-image a img[src$=\".svg\"]{width:48px}.elementor-widget-image img{vertical-align:middle;display:inline-block}<\/style>\t\t\t\t\t\t\t\t\t\t\t\t<img decoding=\"async\" width=\"498\" height=\"550\" src=\"https:\/\/penndeliveryexpress.fr\/wp-content\/uploads\/2020\/03\/video_img.jpg\" class=\"attachment-full size-full wp-image-151\" alt=\"\" loading=\"lazy\" srcset=\"https:\/\/penndeliveryexpress.fr\/wp-content\/uploads\/2020\/03\/video_img.jpg 498w, https:\/\/penndeliveryexpress.fr\/wp-content\/uploads\/2020\/03\/video_img-272x300.jpg 272w\" sizes=\"(max-width: 498px) 100vw, 498px\" \/>\t\t\t\t\t\t\t\t\t\t\t\t\t\t\t<\/div>\n\t\t\t\t<\/div>\n\t\t\t\t<div class=\"elementor-element elementor-element-8748e2c elementor-absolute elementor-invisible elementor-widget elementor-widget-image\" data-id=\"8748e2c\" data-element_type=\"widget\" data-settings=\"{&quot;_animation&quot;:&quot;fadeInLeft&quot;,&quot;_position&quot;:&quot;absolute&quot;}\" data-widget_type=\"image.default\">\n\t\t\t\t<div class=\"elementor-widget-container\">\n\t\t\t\t\t\t\t\t\t\t\t\t\t\t\t<img decoding=\"async\" width=\"498\" height=\"550\" src=\"https:\/\/penndeliveryexpress.fr\/wp-content\/uploads\/2020\/03\/s_video-img-shape.png\" class=\"attachment-full size-full wp-image-1470\" alt=\"\" loading=\"lazy\" srcset=\"https:\/\/penndeliveryexpress.fr\/wp-content\/uploads\/2020\/03\/s_video-img-shape.png 498w, https:\/\/penndeliveryexpress.fr\/wp-content\/uploads\/2020\/03\/s_video-img-shape-272x300.png 272w\" sizes=\"(max-width: 498px) 100vw, 498px\" \/>\t\t\t\t\t\t\t\t\t\t\t\t\t\t\t<\/div>\n\t\t\t\t<\/div>\n\t\t\t\t<div class=\"elementor-element elementor-element-5dde61c elementor-widget__width-auto elementor-absolute elementor-widget elementor-widget-video-button\" data-id=\"5dde61c\" data-element_type=\"widget\" data-settings=\"{&quot;_position&quot;:&quot;absolute&quot;}\" data-widget_type=\"video-button.default\">\n\t\t\t\t<div class=\"elementor-widget-container\">\n\t\t\t\t   <div class=\"cta-video text-center\">\r\n\t      <a href=\"https:\/\/www.youtube.com\/watch?v=uemObN8_dcw\" class=\"popup-video\"><i class=\"ifs-icon fas fa-play\"><\/i><\/a>\r\n\t   <\/div>\r\n\t\t\t<\/div>\n\t\t\t\t<\/div>\n\t\t\t\t\t<\/div>\n\t\t<\/div>\n\t\t\t\t<div class=\"elementor-column elementor-col-50 elementor-inner-column elementor-element elementor-element-0c1f63a\" data-id=\"0c1f63a\" data-element_type=\"column\">\n\t\t\t<div class=\"elementor-widget-wrap elementor-element-populated\">\n\t\t\t\t\t\t\t\t<div class=\"elementor-element elementor-element-a10f9de elementor-widget elementor-widget-section-head\" data-id=\"a10f9de\" data-element_type=\"widget\" data-widget_type=\"section-head.default\">\n\t\t\t\t<div class=\"elementor-widget-container\">\n\t\t\t\t\t<div class=\"section-title \">\r\n\t\t\t            <span class=\"wow \">Nos qualit\u00e9s<\/span>\r\n                        <h2>\r\n            \t            \t<span class=\"tl1\" >Pour votre satisfaction<\/span>\r\n            \t            <\/h2>\r\n                  <\/div>\r\n\t\t\t<\/div>\n\t\t\t\t<\/div>\n\t\t\t\t<div class=\"elementor-element elementor-element-6bd5c82 elementor-widget elementor-widget-progress-bar\" data-id=\"6bd5c82\" data-element_type=\"widget\" data-widget_type=\"progress-bar.default\">\n\t\t\t\t<div class=\"elementor-widget-container\">\n\t\t\t\n\t\t<div class=\"single-skill\">\n\t\t\t         <label class=\"prograss-title\">Adaptabilit\u00e9<\/label>\n                  <div class=\"progress\">\n            <div class=\"progress-bar geoport-progress-bar wow slideInLeftS\" role=\"progressbar\" data-wow-duration=\"1s\" data-wow-delay=\".3s\" aria-valuenow=\"94\" aria-valuemin=\"0\" aria-valuemax=\"100\" style=\"width: 94%;\">\n            \t            \t\t<span class=\"geoport-progress-percentage\">\n            \t\t\t94%\n            \t\t<\/span>\n            \t            <\/div>\n         <\/div>\n      <\/div>\t\n\t\t\t\t<\/div>\n\t\t\t\t<\/div>\n\t\t\t\t<div class=\"elementor-element elementor-element-4035178 elementor-widget elementor-widget-progress-bar\" data-id=\"4035178\" data-element_type=\"widget\" data-widget_type=\"progress-bar.default\">\n\t\t\t\t<div class=\"elementor-widget-container\">\n\t\t\t\n\t\t<div class=\"single-skill\">\n\t\t\t         <label class=\"prograss-title\">Confiance<\/label>\n                  <div class=\"progress\">\n            <div class=\"progress-bar geoport-progress-bar wow slideInLeftS\" role=\"progressbar\" data-wow-duration=\"1s\" data-wow-delay=\".3s\" aria-valuenow=\"98\" aria-valuemin=\"0\" aria-valuemax=\"100\" style=\"width: 98%;\">\n            \t            \t\t<span class=\"geoport-progress-percentage\">\n            \t\t\t98%\n            \t\t<\/span>\n            \t            <\/div>\n         <\/div>\n      <\/div>\t\n\t\t\t\t<\/div>\n\t\t\t\t<\/div>\n\t\t\t\t<div class=\"elementor-element elementor-element-e5ef226 elementor-widget elementor-widget-progress-bar\" data-id=\"e5ef226\" data-element_type=\"widget\" data-widget_type=\"progress-bar.default\">\n\t\t\t\t<div class=\"elementor-widget-container\">\n\t\t\t\n\t\t<div class=\"single-skill\">\n\t\t\t         <label class=\"prograss-title\">Rapidit\u00e9<\/label>\n                  <div class=\"progress\">\n            <div class=\"progress-bar geoport-progress-bar wow slideInLeftS\" role=\"progressbar\" data-wow-duration=\"1s\" data-wow-delay=\".3s\" aria-valuenow=\"93\" aria-valuemin=\"0\" aria-valuemax=\"100\" style=\"width: 93%;\">\n            \t            \t\t<span class=\"geoport-progress-percentage\">\n            \t\t\t93%\n            \t\t<\/span>\n            \t            <\/div>\n         <\/div>\n      <\/div>\t\n\t\t\t\t<\/div>\n\t\t\t\t<\/div>\n\t\t\t\t<div class=\"elementor-element elementor-element-08c72fc elementor-widget elementor-widget-progress-bar\" data-id=\"08c72fc\" data-element_type=\"widget\" data-widget_type=\"progress-bar.default\">\n\t\t\t\t<div class=\"elementor-widget-container\">\n\t\t\t\n\t\t<div class=\"single-skill\">\n\t\t\t         <label class=\"prograss-title\">S\u00e9curit\u00e9<\/label>\n                  <div class=\"progress\">\n            <div class=\"progress-bar geoport-progress-bar wow slideInLeftS\" role=\"progressbar\" data-wow-duration=\"1s\" data-wow-delay=\".3s\" aria-valuenow=\"95\" aria-valuemin=\"0\" aria-valuemax=\"100\" style=\"width: 95%;\">\n            \t            \t\t<span class=\"geoport-progress-percentage\">\n            \t\t\t95%\n            \t\t<\/span>\n            \t            <\/div>\n         <\/div>\n      <\/div>\t\n\t\t\t\t<\/div>\n\t\t\t\t<\/div>\n\t\t\t\t\t<\/div>\n\t\t<\/div>\n\t\t\t\t\t\t\t<\/div>\n\t\t<\/section>\n\t\t\t\t\t<\/div>\n\t\t<\/div>\n\t\t\t\t\t\t\t<\/div>\n\t\t<\/section>\n\t\t\t\t\t\t\t<\/div>\n\t\t","protected":false},"excerpt":{"rendered":"<p>Manager Yankee Julies D. Founder &amp; CEO Jamie Jackson Founder &amp; CEO Pascal Noubeunde Project Manager Kelian Bardom Nos qualit\u00e9s Pour votre satisfaction Adaptabilit\u00e9 94% Confiance 98% Rapidit\u00e9 93% S\u00e9curit\u00e9 95%<\/p>\n","protected":false},"author":1,"featured_media":0,"parent":0,"menu_order":0,"comment_status":"closed","ping_status":"closed","template":"page-template\/blank-page-sidebar.php","meta":[],"_links":{"self":[{"href":"https:\/\/penndeliveryexpress.fr\/index.php\/wp-json\/wp\/v2\/pages\/1814"}],"collection":[{"href":"https:\/\/penndeliveryexpress.fr\/index.php\/wp-json\/wp\/v2\/pages"}],"about":[{"href":"https:\/\/penndeliveryexpress.fr\/index.php\/wp-json\/wp\/v2\/types\/page"}],"author":[{"embeddable":true,"href":"https:\/\/penndeliveryexpress.fr\/index.php\/wp-json\/wp\/v2\/users\/1"}],"replies":[{"embeddable":true,"href":"https:\/\/penndeliveryexpress.fr\/index.php\/wp-json\/wp\/v2\/comments?post=1814"}],"version-history":[{"count":17,"href":"https:\/\/penndeliveryexpress.fr\/index.php\/wp-json\/wp\/v2\/pages\/1814\/revisions"}],"predecessor-version":[{"id":3504,"href":"https:\/\/penndeliveryexpress.fr\/index.php\/wp-json\/wp\/v2\/pages\/1814\/revisions\/3504"}],"wp:attachment":[{"href":"https:\/\/penndeliveryexpress.fr\/index.php\/wp-json\/wp\/v2\/media?parent=1814"}],"curies":[{"name":"wp","href":"https:\/\/api.w.org\/{rel}","templated":true}]}}