{"id":1841,"date":"2020-04-04T06:15:26","date_gmt":"2020-04-04T06:15:26","guid":{"rendered":"http:\/\/pluginspoint.com\/geoport\/?page_id=1841"},"modified":"2023-06-16T00:10:33","modified_gmt":"2023-06-15T22:10:33","slug":"contact","status":"publish","type":"page","link":"https:\/\/penndeliveryexpress.fr\/index.php\/contact\/","title":{"rendered":"Contact"},"content":{"rendered":"\t\t<div data-elementor-type=\"wp-page\" data-elementor-id=\"1841\" class=\"elementor elementor-1841\">\n\t\t\t\t\t\t\t\t\t<section class=\"elementor-section elementor-top-section elementor-element elementor-element-14a4dc3 elementor-section-boxed elementor-section-height-default elementor-section-height-default\" data-id=\"14a4dc3\" data-element_type=\"section\">\n\t\t\t\t\t\t<div class=\"elementor-container elementor-column-gap-default\">\n\t\t\t\t\t<div class=\"elementor-column elementor-col-100 elementor-top-column elementor-element elementor-element-515fdf0\" data-id=\"515fdf0\" data-element_type=\"column\">\n\t\t\t<div class=\"elementor-widget-wrap elementor-element-populated\">\n\t\t\t\t\t\t\t\t<section class=\"elementor-section elementor-inner-section elementor-element elementor-element-e249bd4 elementor-section-boxed elementor-section-height-default elementor-section-height-default\" data-id=\"e249bd4\" data-element_type=\"section\">\n\t\t\t\t\t\t<div class=\"elementor-container elementor-column-gap-default\">\n\t\t\t\t\t<div class=\"elementor-column elementor-col-33 elementor-inner-column elementor-element elementor-element-614f11a\" data-id=\"614f11a\" data-element_type=\"column\">\n\t\t\t<div class=\"elementor-widget-wrap elementor-element-populated\">\n\t\t\t\t\t\t\t\t<div class=\"elementor-element elementor-element-128a8c7 elementor-widget elementor-widget-contact-box\" data-id=\"128a8c7\" data-element_type=\"widget\" data-widget_type=\"contact-box.default\">\n\t\t\t\t<div class=\"elementor-widget-container\">\n\t\t\t\r\n      <div class=\"single-contact-box text-center\">\r\n         <div class=\"contact-box-content\">\r\n            <div class=\"contact-icon\">\r\n               \t         \t\t<i class=\"fal fa-phone\"><\/i>\r\n\t         \t            <\/div>\r\n                        <h4 >\r\n            \tT\u00e9l\u00e9phone            <\/h4>\r\n         \t            <p >+33 7 45 45 37 70<\/p>\r\n         <\/div>\r\n         <div class=\"contact-box-btn\">\r\n         \t            \t<a href=\"tel:0745453770\">\r\n                        \t\t         \t\t<i class=\"fal fa-phone\"><\/i>\r\n\t         \tAppelez-nous          \t\t<\/a>\r\n         <\/div>\r\n         <div class=\"contact-box-big-icon\">\r\n                     \t\t<i class=\"fal fa-phone\"><\/i>\r\n         \t         <\/div>\r\n      <\/div>\r\n\r\n\t\t\t<\/div>\n\t\t\t\t<\/div>\n\t\t\t\t\t<\/div>\n\t\t<\/div>\n\t\t\t\t<div class=\"elementor-column elementor-col-33 elementor-inner-column elementor-element elementor-element-5a3365b\" data-id=\"5a3365b\" data-element_type=\"column\">\n\t\t\t<div class=\"elementor-widget-wrap elementor-element-populated\">\n\t\t\t\t\t\t\t\t<div class=\"elementor-element elementor-element-b1f607e elementor-widget elementor-widget-contact-box\" data-id=\"b1f607e\" data-element_type=\"widget\" data-widget_type=\"contact-box.default\">\n\t\t\t\t<div class=\"elementor-widget-container\">\n\t\t\t\r\n      <div class=\"single-contact-box text-center\">\r\n         <div class=\"contact-box-content\">\r\n            <div class=\"contact-icon\">\r\n               \t         \t\t<i class=\"fal fa-envelope\"><\/i>\r\n\t         \t            <\/div>\r\n                        <h4 >\r\n            \tEmail             <\/h4>\r\n         \t            <p >contact@penndeliveryexpress.fr<\/p>\r\n         <\/div>\r\n         <div class=\"contact-box-btn\">\r\n         \t            \t<a href=\"mailto:contact@penndeliveryexpress.fr\">\r\n                        \t\t         \t\t<i class=\"fal fa-envelope\"><\/i>\r\n\t         \tContactez-nous         \t\t<\/a>\r\n         <\/div>\r\n         <div class=\"contact-box-big-icon\">\r\n                     \t\t<i class=\"fal fa-envelope\"><\/i>\r\n         \t         <\/div>\r\n      <\/div>\r\n\r\n\t\t\t<\/div>\n\t\t\t\t<\/div>\n\t\t\t\t\t<\/div>\n\t\t<\/div>\n\t\t\t\t<div class=\"elementor-column elementor-col-33 elementor-inner-column elementor-element elementor-element-7199f22\" data-id=\"7199f22\" data-element_type=\"column\">\n\t\t\t<div class=\"elementor-widget-wrap elementor-element-populated\">\n\t\t\t\t\t\t\t\t<div class=\"elementor-element elementor-element-5c1ca7f elementor-widget elementor-widget-contact-box\" data-id=\"5c1ca7f\" data-element_type=\"widget\" data-widget_type=\"contact-box.default\">\n\t\t\t\t<div class=\"elementor-widget-container\">\n\t\t\t\r\n      <div class=\"single-contact-box text-center\">\r\n         <div class=\"contact-box-content\">\r\n            <div class=\"contact-icon\">\r\n               \t         \t\t<i class=\"fal fa-map\"><\/i>\r\n\t         \t            <\/div>\r\n                        <h4 >\r\n            \tAdresse            <\/h4>\r\n         \t            <p >1 rue R\u00e9publique<br>\nRennes, France<\/p>\r\n         <\/div>\r\n         <div class=\"contact-box-btn\">\r\n         \t            \t<a>\r\n                        \t\t         \t\t<i class=\"fal fa-map\"><\/i>\r\n\t         \tS&#039;y rendre         \t\t<\/a>\r\n         <\/div>\r\n         <div class=\"contact-box-big-icon\">\r\n                     \t\t<i class=\"fal fa-map\"><\/i>\r\n         \t         <\/div>\r\n      <\/div>\r\n\r\n\t\t\t<\/div>\n\t\t\t\t<\/div>\n\t\t\t\t\t<\/div>\n\t\t<\/div>\n\t\t\t\t\t\t\t<\/div>\n\t\t<\/section>\n\t\t\t\t\t<\/div>\n\t\t<\/div>\n\t\t\t\t\t\t\t<\/div>\n\t\t<\/section>\n\t\t\t\t<section class=\"elementor-section elementor-top-section elementor-element elementor-element-bee28ec elementor-section-full_width elementor-section-height-default elementor-section-height-default\" data-id=\"bee28ec\" data-element_type=\"section\">\n\t\t\t\t\t\t<div class=\"elementor-container elementor-column-gap-default\">\n\t\t\t\t\t<div class=\"elementor-column elementor-col-100 elementor-top-column elementor-element elementor-element-5daad72\" data-id=\"5daad72\" data-element_type=\"column\">\n\t\t\t<div class=\"elementor-widget-wrap elementor-element-populated\">\n\t\t\t\t\t\t\t\t<div class=\"elementor-element elementor-element-28a7859 elementor-widget elementor-widget-google_maps\" data-id=\"28a7859\" data-element_type=\"widget\" data-widget_type=\"google_maps.default\">\n\t\t\t\t<div class=\"elementor-widget-container\">\n\t\t\t<style>\/*! elementor - v3.13.3 - 28-05-2023 *\/\n.elementor-widget-google_maps .elementor-widget-container{overflow:hidden}.elementor-widget-google_maps .elementor-custom-embed{line-height:0}.elementor-widget-google_maps iframe{height:300px}<\/style>\t\t<div class=\"elementor-custom-embed\">\n\t\t\t<iframe loading=\"lazy\"\n\t\t\t\t\tsrc=\"https:\/\/maps.google.com\/maps?q=rennes&#038;t=m&#038;z=15&#038;output=embed&#038;iwloc=near\"\n\t\t\t\t\ttitle=\"rennes\"\n\t\t\t\t\taria-label=\"rennes\"\n\t\t\t><\/iframe>\n\t\t<\/div>\n\t\t\t\t<\/div>\n\t\t\t\t<\/div>\n\t\t\t\t<section class=\"elementor-section elementor-inner-section elementor-element elementor-element-b7d0c43 contact-page-map elementor-section-boxed elementor-section-height-default elementor-section-height-default\" data-id=\"b7d0c43\" data-element_type=\"section\">\n\t\t\t\t\t\t<div class=\"elementor-container elementor-column-gap-default\">\n\t\t\t\t\t<div class=\"elementor-column elementor-col-100 elementor-inner-column elementor-element elementor-element-94d74f1\" data-id=\"94d74f1\" data-element_type=\"column\" data-settings=\"{&quot;background_background&quot;:&quot;classic&quot;}\">\n\t\t\t<div class=\"elementor-widget-wrap elementor-element-populated\">\n\t\t\t\t\t\t\t\t<div class=\"elementor-element elementor-element-39a57be elementor-widget elementor-widget-heading\" data-id=\"39a57be\" data-element_type=\"widget\" data-widget_type=\"heading.default\">\n\t\t\t\t<div class=\"elementor-widget-container\">\n\t\t\t<style>\/*! elementor - v3.13.3 - 28-05-2023 *\/\n.elementor-heading-title{padding:0;margin:0;line-height:1}.elementor-widget-heading .elementor-heading-title[class*=elementor-size-]>a{color:inherit;font-size:inherit;line-height:inherit}.elementor-widget-heading .elementor-heading-title.elementor-size-small{font-size:15px}.elementor-widget-heading .elementor-heading-title.elementor-size-medium{font-size:19px}.elementor-widget-heading .elementor-heading-title.elementor-size-large{font-size:29px}.elementor-widget-heading .elementor-heading-title.elementor-size-xl{font-size:39px}.elementor-widget-heading .elementor-heading-title.elementor-size-xxl{font-size:59px}<\/style><h2 class=\"elementor-heading-title elementor-size-default\">nOUS SOMMES L\u00c0 POUR R\u00c9PONDRE \u00c0 VOS QUESTIONS<\/h2>\t\t<\/div>\n\t\t\t\t<\/div>\n\t\t\t\t<div class=\"elementor-element elementor-element-fd502f8 text-center elementor-widget elementor-widget-shortcode\" data-id=\"fd502f8\" data-element_type=\"widget\" data-widget_type=\"shortcode.default\">\n\t\t\t\t<div class=\"elementor-widget-container\">\n\t\t\t\t\t<div class=\"elementor-shortcode\">\n<div class=\"wpcf7 no-js\" id=\"wpcf7-f1886-o1\" lang=\"en-US\" dir=\"ltr\">\n<div class=\"screen-reader-response\"><p role=\"status\" aria-live=\"polite\" aria-atomic=\"true\"><\/p> <ul><\/ul><\/div>\n<form action=\"\/index.php\/wp-json\/wp\/v2\/pages\/1841#wpcf7-f1886-o1\" method=\"post\" class=\"wpcf7-form init\" aria-label=\"Contact form\" novalidate=\"novalidate\" data-status=\"init\">\n<div style=\"display: none;\">\n<input type=\"hidden\" name=\"_wpcf7\" value=\"1886\" \/>\n<input type=\"hidden\" name=\"_wpcf7_version\" value=\"5.7.7\" \/>\n<input type=\"hidden\" name=\"_wpcf7_locale\" value=\"en_US\" \/>\n<input type=\"hidden\" name=\"_wpcf7_unit_tag\" value=\"wpcf7-f1886-o1\" \/>\n<input type=\"hidden\" name=\"_wpcf7_container_post\" value=\"0\" \/>\n<input type=\"hidden\" name=\"_wpcf7_posted_data_hash\" value=\"\" \/>\n<\/div>\n<div class=\"c-form-group\">\n\t<p><i class=\"fal fa-user\"><\/i><span class=\"wpcf7-form-control-wrap\" data-name=\"your-name\"><input size=\"40\" class=\"wpcf7-form-control wpcf7-text wpcf7-validates-as-required\" aria-required=\"true\" aria-invalid=\"false\" placeholder=\"Nom\" value=\"\" type=\"text\" name=\"your-name\" \/><\/span>\n\t<\/p>\n<\/div>\n<div class=\"c-form-group\">\n\t<p><i class=\"fal fa-envelope\"><\/i><span class=\"wpcf7-form-control-wrap\" data-name=\"your-email\"><input size=\"40\" class=\"wpcf7-form-control wpcf7-text wpcf7-email wpcf7-validates-as-required wpcf7-validates-as-email\" aria-required=\"true\" aria-invalid=\"false\" placeholder=\"Email\" value=\"\" type=\"email\" name=\"your-email\" \/><\/span>\n\t<\/p>\n<\/div>\n<div class=\"c-form-group\">\n\t<p><i class=\"fal fa-edit\"><\/i><span class=\"wpcf7-form-control-wrap\" data-name=\"your-message\"><textarea cols=\"40\" rows=\"10\" class=\"wpcf7-form-control wpcf7-textarea\" aria-invalid=\"false\" placeholder=\"Message\" name=\"your-message\"><\/textarea><\/span>\n\t<\/p>\n<\/div>\n<p><button class=\"btn orange-btn\"><i class=\"fal fa-paper-plane\"><\/i> Envoyer<\/button>\n<\/p><div class=\"wpcf7-response-output\" aria-hidden=\"true\"><\/div>\n<\/form>\n<\/div>\n<\/div>\n\t\t\t\t<\/div>\n\t\t\t\t<\/div>\n\t\t\t\t\t<\/div>\n\t\t<\/div>\n\t\t\t\t\t\t\t<\/div>\n\t\t<\/section>\n\t\t\t\t\t<\/div>\n\t\t<\/div>\n\t\t\t\t\t\t\t<\/div>\n\t\t<\/section>\n\t\t\t\t\t\t\t<\/div>\n\t\t","protected":false},"excerpt":{"rendered":"<p>T\u00e9l\u00e9phone +33 7 45 45 37 70 Appelez-nous Email contact@penndeliveryexpress.fr Contactez-nous Adresse 1 rue R\u00e9publique Rennes, France S&#039;y rendre nOUS SOMMES L\u00c0 POUR R\u00c9PONDRE \u00c0 VOS QUESTIONS<\/p>\n","protected":false},"author":1,"featured_media":0,"parent":0,"menu_order":0,"comment_status":"closed","ping_status":"closed","template":"page-template\/blank-page-sidebar.php","meta":[],"_links":{"self":[{"href":"https:\/\/penndeliveryexpress.fr\/index.php\/wp-json\/wp\/v2\/pages\/1841"}],"collection":[{"href":"https:\/\/penndeliveryexpress.fr\/index.php\/wp-json\/wp\/v2\/pages"}],"about":[{"href":"https:\/\/penndeliveryexpress.fr\/index.php\/wp-json\/wp\/v2\/types\/page"}],"author":[{"embeddable":true,"href":"https:\/\/penndeliveryexpress.fr\/index.php\/wp-json\/wp\/v2\/users\/1"}],"replies":[{"embeddable":true,"href":"https:\/\/penndeliveryexpress.fr\/index.php\/wp-json\/wp\/v2\/comments?post=1841"}],"version-history":[{"count":9,"href":"https:\/\/penndeliveryexpress.fr\/index.php\/wp-json\/wp\/v2\/pages\/1841\/revisions"}],"predecessor-version":[{"id":3461,"href":"https:\/\/penndeliveryexpress.fr\/index.php\/wp-json\/wp\/v2\/pages\/1841\/revisions\/3461"}],"wp:attachment":[{"href":"https:\/\/penndeliveryexpress.fr\/index.php\/wp-json\/wp\/v2\/media?parent=1841"}],"curies":[{"name":"wp","href":"https:\/\/api.w.org\/{rel}","templated":true}]}}