{"id":3178,"date":"2020-12-27T11:38:24","date_gmt":"2020-12-27T11:38:24","guid":{"rendered":"http:\/\/pluginspoint.com\/geoport\/?page_id=3178"},"modified":"2023-06-16T00:00:15","modified_gmt":"2023-06-15T22:00:15","slug":"careers","status":"publish","type":"page","link":"https:\/\/penndeliveryexpress.fr\/index.php\/careers\/","title":{"rendered":"careers"},"content":{"rendered":"\t\t<div data-elementor-type=\"wp-page\" data-elementor-id=\"3178\" class=\"elementor elementor-3178\">\n\t\t\t\t\t\t\t\t\t<section class=\"elementor-section elementor-top-section elementor-element elementor-element-201ba1c elementor-section-boxed elementor-section-height-default elementor-section-height-default\" data-id=\"201ba1c\" data-element_type=\"section\">\n\t\t\t\t\t\t<div class=\"elementor-container elementor-column-gap-default\">\n\t\t\t\t\t<div class=\"elementor-column elementor-col-16 elementor-top-column elementor-element elementor-element-016f385\" data-id=\"016f385\" data-element_type=\"column\">\n\t\t\t<div class=\"elementor-widget-wrap\">\n\t\t\t\t\t\t\t\t\t<\/div>\n\t\t<\/div>\n\t\t\t\t<div class=\"elementor-column elementor-col-66 elementor-top-column elementor-element elementor-element-8d68e55\" data-id=\"8d68e55\" data-element_type=\"column\">\n\t\t\t<div class=\"elementor-widget-wrap elementor-element-populated\">\n\t\t\t\t\t\t\t\t<div class=\"elementor-element elementor-element-5a7ee32 elementor-widget elementor-widget-section-head-two\" data-id=\"5a7ee32\" data-element_type=\"widget\" data-widget_type=\"section-head-two.default\">\n\t\t\t\t<div class=\"elementor-widget-container\">\n\t\t\t\r\n\t\t<div class=\"section-title-three text-center\">\r\n\t\t\t            \t<span class=\"style3_subtitle\" >Carri\u00e8re<\/span>\r\n             \r\n            \t            <h2>\r\n\t            \t\t            \t<span class=\"tl1\" >Faites partie de notre famille<\/span>\r\n\t            \t\t            <\/h2>\r\n                        \t            <p>\r\n\t            \t\t            \t<span class=\"tl2\" >Pour postuler, s\u00e9lectionnez le poste qui vous int\u00e9resse <\/span>\r\n\t            \t\t            <\/p>\r\n                  <\/div>\r\n\t\t\t<\/div>\n\t\t\t\t<\/div>\n\t\t\t\t\t<\/div>\n\t\t<\/div>\n\t\t\t\t<div class=\"elementor-column elementor-col-16 elementor-top-column elementor-element elementor-element-45f98f9\" data-id=\"45f98f9\" data-element_type=\"column\">\n\t\t\t<div class=\"elementor-widget-wrap\">\n\t\t\t\t\t\t\t\t\t<\/div>\n\t\t<\/div>\n\t\t\t\t\t\t\t<\/div>\n\t\t<\/section>\n\t\t\t\t<section class=\"elementor-section elementor-top-section elementor-element elementor-element-d23a982 elementor-section-boxed elementor-section-height-default elementor-section-height-default\" data-id=\"d23a982\" data-element_type=\"section\">\n\t\t\t\t\t\t<div class=\"elementor-container elementor-column-gap-default\">\n\t\t\t\t\t<div class=\"elementor-column elementor-col-100 elementor-top-column elementor-element elementor-element-b4aa5f2\" data-id=\"b4aa5f2\" data-element_type=\"column\">\n\t\t\t<div class=\"elementor-widget-wrap elementor-element-populated\">\n\t\t\t\t\t\t\t\t<div class=\"elementor-element elementor-element-d47a5b6 elementor-widget elementor-widget-job-list\" data-id=\"d47a5b6\" data-element_type=\"widget\" data-widget_type=\"job-list.default\">\n\t\t\t\t<div class=\"elementor-widget-container\">\n\t\t\t\t\t<div class=\"row\">\r\n\t\t    <div class=\"col-12\">\r\n\t\t    \t<div class=\"job_board_list_area\">\r\n\t\t\t\t\t<div class=\"job_board_list_content_area\">\r\n\t\t        \t\t\t\t\t\t\t  \t<div class=\"job_item_list\">\r\n\t\t\t            \t\t\t\t                        <div class=\"job_item title\">Chauffeur Chronopost<\/div>\r\n\t\t\t                        <div class=\"job_item\">Exp\u00e9rience : Aucune<\/div>\r\n\t\t\t                        <div class=\"job_item\">Qualifications : Minimum Brevet<\/div>\r\n\t\t\t                        <div class=\"job_item\">Salaire : \u00e0 d\u00e9finir<\/div>\r\n\t\t\t                        \t\t\t\t                        <div class=\"job_item apply-btn\">\r\n\t\t\t\t                        \t\t\t\t\t                        \t\t<a href=\"mailto:contact@penndeliveryexpress.fr\">Postuler<\/a>\r\n\t\t\t\t                        \t\t\t\t\t                        <\/div>\r\n\t\t\t                        \t\t\t\t            \t\t\t\t            \t\t\t            \t<\/div>\r\n\t\t\t            \t\t\t\t\t<\/div>\r\n\t\t\t\t<\/div>\r\n\t\t\t<\/div>\r\n\t\t<\/div>\r\n\t\t\t\t<\/div>\n\t\t\t\t<\/div>\n\t\t\t\t\t<\/div>\n\t\t<\/div>\n\t\t\t\t\t\t\t<\/div>\n\t\t<\/section>\n\t\t\t\t\t\t\t<\/div>\n\t\t","protected":false},"excerpt":{"rendered":"<p>Carri\u00e8re Faites partie de notre famille Pour postuler, s\u00e9lectionnez le poste qui vous int\u00e9resse Platform Support Specialist 1-2 Years Minimum H.S.C $10000 Apply Now Warehouse Operator 1 Years Minimum H.S.C $10000 Apply Now Packaging &#038; Processing Lead 1-2 Years Minimum H.S.C $500 Apply Now Warehouse Manager 1-2 Years Minimum H.S.C $10000 Apply Now<\/p>\n","protected":false},"author":1,"featured_media":0,"parent":0,"menu_order":0,"comment_status":"closed","ping_status":"closed","template":"page-template\/blank-page-sidebar.php","meta":[],"_links":{"self":[{"href":"https:\/\/penndeliveryexpress.fr\/index.php\/wp-json\/wp\/v2\/pages\/3178"}],"collection":[{"href":"https:\/\/penndeliveryexpress.fr\/index.php\/wp-json\/wp\/v2\/pages"}],"about":[{"href":"https:\/\/penndeliveryexpress.fr\/index.php\/wp-json\/wp\/v2\/types\/page"}],"author":[{"embeddable":true,"href":"https:\/\/penndeliveryexpress.fr\/index.php\/wp-json\/wp\/v2\/users\/1"}],"replies":[{"embeddable":true,"href":"https:\/\/penndeliveryexpress.fr\/index.php\/wp-json\/wp\/v2\/comments?post=3178"}],"version-history":[{"count":3,"href":"https:\/\/penndeliveryexpress.fr\/index.php\/wp-json\/wp\/v2\/pages\/3178\/revisions"}],"predecessor-version":[{"id":3458,"href":"https:\/\/penndeliveryexpress.fr\/index.php\/wp-json\/wp\/v2\/pages\/3178\/revisions\/3458"}],"wp:attachment":[{"href":"https:\/\/penndeliveryexpress.fr\/index.php\/wp-json\/wp\/v2\/media?parent=3178"}],"curies":[{"name":"wp","href":"https:\/\/api.w.org\/{rel}","templated":true}]}}